{"id":73,"date":"2023-09-09T22:24:43","date_gmt":"2023-09-09T22:24:43","guid":{"rendered":"https:\/\/massogs.com\/?page_id=73"},"modified":"2023-11-26T18:00:20","modified_gmt":"2023-11-26T18:00:20","slug":"a-propos","status":"publish","type":"page","link":"https:\/\/massogs.com\/?page_id=73","title":{"rendered":"\u00c0 propos"},"content":{"rendered":"\t\t<div data-elementor-type=\"wp-page\" data-elementor-id=\"73\" class=\"elementor elementor-73\" data-elementor-post-type=\"page\">\n\t\t\t\t\t\t<section class=\"elementor-section elementor-top-section elementor-element elementor-element-7e0ee682 elementor-section-height-min-height elementor-section-items-stretch elementor-section-content-middle elementor-section-boxed elementor-section-height-default\" data-id=\"7e0ee682\" data-element_type=\"section\">\n\t\t\t\t\t\t<div class=\"elementor-container elementor-column-gap-default\">\n\t\t\t\t\t<div class=\"elementor-column elementor-col-50 elementor-top-column elementor-element elementor-element-4efbad55\" data-id=\"4efbad55\" data-element_type=\"column\" data-settings=\"{&quot;background_background&quot;:&quot;classic&quot;}\">\n\t\t\t<div class=\"elementor-widget-wrap elementor-element-populated\">\n\t\t\t\t\t\t<div class=\"elementor-element elementor-element-2ec42012 elementor-widget elementor-widget-heading\" data-id=\"2ec42012\" data-element_type=\"widget\" data-widget_type=\"heading.default\">\n\t\t\t\t<div class=\"elementor-widget-container\">\n\t\t\t\t\t<h1 class=\"elementor-heading-title elementor-size-default\">Nos patients,\nnotre priorit\u00e9<\/h1>\t\t\t\t<\/div>\n\t\t\t\t<\/div>\n\t\t\t\t\t<\/div>\n\t\t<\/div>\n\t\t\t\t<div class=\"elementor-column elementor-col-50 elementor-top-column elementor-element elementor-element-5d5dbd0f\" data-id=\"5d5dbd0f\" data-element_type=\"column\" data-settings=\"{&quot;background_background&quot;:&quot;classic&quot;}\">\n\t\t\t<div class=\"elementor-widget-wrap elementor-element-populated\">\n\t\t\t\t\t\t<div class=\"elementor-element elementor-element-149b683a elementor-widget elementor-widget-spacer\" data-id=\"149b683a\" data-element_type=\"widget\" data-widget_type=\"spacer.default\">\n\t\t\t\t<div class=\"elementor-widget-container\">\n\t\t\t\t\t\t\t<div class=\"elementor-spacer\">\n\t\t\t<div class=\"elementor-spacer-inner\"><\/div>\n\t\t<\/div>\n\t\t\t\t\t\t<\/div>\n\t\t\t\t<\/div>\n\t\t\t\t\t<\/div>\n\t\t<\/div>\n\t\t\t\t\t<\/div>\n\t\t<\/section>\n\t\t\t\t<section class=\"elementor-section elementor-top-section elementor-element elementor-element-364bf32c elementor-section-full_width elementor-section-content-middle elementor-reverse-tablet elementor-reverse-mobile elementor-section-height-default elementor-section-height-default\" data-id=\"364bf32c\" data-element_type=\"section\">\n\t\t\t\t\t\t<div class=\"elementor-container elementor-column-gap-default\">\n\t\t\t\t\t<div class=\"elementor-column elementor-col-25 elementor-top-column elementor-element elementor-element-b949442\" data-id=\"b949442\" data-element_type=\"column\" data-settings=\"{&quot;background_background&quot;:&quot;classic&quot;}\">\n\t\t\t<div class=\"elementor-widget-wrap elementor-element-populated\">\n\t\t\t\t\t\t<div class=\"elementor-element elementor-element-33e199c9 elementor-view-default elementor-position-top elementor-mobile-position-top elementor-widget elementor-widget-icon-box\" data-id=\"33e199c9\" data-element_type=\"widget\" data-widget_type=\"icon-box.default\">\n\t\t\t\t<div class=\"elementor-widget-container\">\n\t\t\t\t\t\t\t<div class=\"elementor-icon-box-wrapper\">\n\n\t\t\t\t\t\t<div class=\"elementor-icon-box-icon\">\n\t\t\t\t<span  class=\"elementor-icon\">\n\t\t\t\t<svg aria-hidden=\"true\" class=\"e-font-icon-svg e-fas-receipt\" viewBox=\"0 0 384 512\" xmlns=\"http:\/\/www.w3.org\/2000\/svg\"><path d=\"M358.4 3.2L320 48 265.6 3.2a15.9 15.9 0 0 0-19.2 0L192 48 137.6 3.2a15.9 15.9 0 0 0-19.2 0L64 48 25.6 3.2C15-4.7 0 2.8 0 16v480c0 13.2 15 20.7 25.6 12.8L64 464l54.4 44.8a15.9 15.9 0 0 0 19.2 0L192 464l54.4 44.8a15.9 15.9 0 0 0 19.2 0L320 464l38.4 44.8c10.5 7.9 25.6.4 25.6-12.8V16c0-13.2-15-20.7-25.6-12.8zM320 360c0 4.4-3.6 8-8 8H72c-4.4 0-8-3.6-8-8v-16c0-4.4 3.6-8 8-8h240c4.4 0 8 3.6 8 8v16zm0-96c0 4.4-3.6 8-8 8H72c-4.4 0-8-3.6-8-8v-16c0-4.4 3.6-8 8-8h240c4.4 0 8 3.6 8 8v16zm0-96c0 4.4-3.6 8-8 8H72c-4.4 0-8-3.6-8-8v-16c0-4.4 3.6-8 8-8h240c4.4 0 8 3.6 8 8v16z\"><\/path><\/svg>\t\t\t\t<\/span>\n\t\t\t<\/div>\n\t\t\t\n\t\t\t\t\t\t<div class=\"elementor-icon-box-content\">\n\n\t\t\t\t\t\t\t\t\t<h3 class=\"elementor-icon-box-title\">\n\t\t\t\t\t\t<span  >\n\t\t\t\t\t\t\t\u00c9mission de re\u00e7u d\u2019assurance\t\t\t\t\t\t<\/span>\n\t\t\t\t\t<\/h3>\n\t\t\t\t\n\t\t\t\t\t\t\t\t\t<p class=\"elementor-icon-box-description\">\n\t\t\t\t\t\t\u00c9mission de re\u00e7u d\u2019assurance reconnu par un vaste \u00e9ventail d\u2019assureurs.\t\t\t\t\t<\/p>\n\t\t\t\t\n\t\t\t<\/div>\n\t\t\t\n\t\t<\/div>\n\t\t\t\t\t\t<\/div>\n\t\t\t\t<\/div>\n\t\t\t\t\t<\/div>\n\t\t<\/div>\n\t\t\t\t<div class=\"elementor-column elementor-col-25 elementor-top-column elementor-element elementor-element-2f5ed064\" data-id=\"2f5ed064\" data-element_type=\"column\" data-settings=\"{&quot;background_background&quot;:&quot;classic&quot;}\">\n\t\t\t<div class=\"elementor-widget-wrap elementor-element-populated\">\n\t\t\t\t\t\t<div class=\"elementor-element elementor-element-39ba674c elementor-view-default elementor-position-top elementor-mobile-position-top elementor-widget elementor-widget-icon-box\" data-id=\"39ba674c\" data-element_type=\"widget\" data-widget_type=\"icon-box.default\">\n\t\t\t\t<div class=\"elementor-widget-container\">\n\t\t\t\t\t\t\t<div class=\"elementor-icon-box-wrapper\">\n\n\t\t\t\t\t\t<div class=\"elementor-icon-box-icon\">\n\t\t\t\t<span  class=\"elementor-icon\">\n\t\t\t\t<svg aria-hidden=\"true\" class=\"e-font-icon-svg e-fas-dollar-sign\" viewBox=\"0 0 288 512\" xmlns=\"http:\/\/www.w3.org\/2000\/svg\"><path d=\"M209.2 233.4l-108-31.6C88.7 198.2 80 186.5 80 173.5c0-16.3 13.2-29.5 29.5-29.5h66.3c12.2 0 24.2 3.7 34.2 10.5 6.1 4.1 14.3 3.1 19.5-2l34.8-34c7.1-6.9 6.1-18.4-1.8-24.5C238 74.8 207.4 64.1 176 64V16c0-8.8-7.2-16-16-16h-32c-8.8 0-16 7.2-16 16v48h-2.5C45.8 64-5.4 118.7.5 183.6c4.2 46.1 39.4 83.6 83.8 96.6l102.5 30c12.5 3.7 21.2 15.3 21.2 28.3 0 16.3-13.2 29.5-29.5 29.5h-66.3C100 368 88 364.3 78 357.5c-6.1-4.1-14.3-3.1-19.5 2l-34.8 34c-7.1 6.9-6.1 18.4 1.8 24.5 24.5 19.2 55.1 29.9 86.5 30v48c0 8.8 7.2 16 16 16h32c8.8 0 16-7.2 16-16v-48.2c46.6-.9 90.3-28.6 105.7-72.7 21.5-61.6-14.6-124.8-72.5-141.7z\"><\/path><\/svg>\t\t\t\t<\/span>\n\t\t\t<\/div>\n\t\t\t\n\t\t\t\t\t\t<div class=\"elementor-icon-box-content\">\n\n\t\t\t\t\t\t\t\t\t<h3 class=\"elementor-icon-box-title\">\n\t\t\t\t\t\t<span  >\n\t\t\t\t\t\t\tDes tarifs <br>abordables\t\t\t\t\t\t<\/span>\n\t\t\t\t\t<\/h3>\n\t\t\t\t\n\t\t\t\t\t\t\t\t\t<p class=\"elementor-icon-box-description\">\n\t\t\t\t\t\tUne gamme de forfaits qui conviendront \u00e0 tous les budgets.\t\t\t\t\t<\/p>\n\t\t\t\t\n\t\t\t<\/div>\n\t\t\t\n\t\t<\/div>\n\t\t\t\t\t\t<\/div>\n\t\t\t\t<\/div>\n\t\t\t\t\t<\/div>\n\t\t<\/div>\n\t\t\t\t<div class=\"elementor-column elementor-col-25 elementor-top-column elementor-element elementor-element-5bb7a848\" data-id=\"5bb7a848\" data-element_type=\"column\" data-settings=\"{&quot;background_background&quot;:&quot;classic&quot;}\">\n\t\t\t<div class=\"elementor-widget-wrap elementor-element-populated\">\n\t\t\t\t\t\t<div class=\"elementor-element elementor-element-4ae139f1 elementor-view-default elementor-position-top elementor-mobile-position-top elementor-widget elementor-widget-icon-box\" data-id=\"4ae139f1\" data-element_type=\"widget\" data-widget_type=\"icon-box.default\">\n\t\t\t\t<div class=\"elementor-widget-container\">\n\t\t\t\t\t\t\t<div class=\"elementor-icon-box-wrapper\">\n\n\t\t\t\t\t\t<div class=\"elementor-icon-box-icon\">\n\t\t\t\t<span  class=\"elementor-icon\">\n\t\t\t\t<svg aria-hidden=\"true\" class=\"e-font-icon-svg e-fas-users\" viewBox=\"0 0 640 512\" xmlns=\"http:\/\/www.w3.org\/2000\/svg\"><path d=\"M96 224c35.3 0 64-28.7 64-64s-28.7-64-64-64-64 28.7-64 64 28.7 64 64 64zm448 0c35.3 0 64-28.7 64-64s-28.7-64-64-64-64 28.7-64 64 28.7 64 64 64zm32 32h-64c-17.6 0-33.5 7.1-45.1 18.6 40.3 22.1 68.9 62 75.1 109.4h66c17.7 0 32-14.3 32-32v-32c0-35.3-28.7-64-64-64zm-256 0c61.9 0 112-50.1 112-112S381.9 32 320 32 208 82.1 208 144s50.1 112 112 112zm76.8 32h-8.3c-20.8 10-43.9 16-68.5 16s-47.6-6-68.5-16h-8.3C179.6 288 128 339.6 128 403.2V432c0 26.5 21.5 48 48 48h288c26.5 0 48-21.5 48-48v-28.8c0-63.6-51.6-115.2-115.2-115.2zm-223.7-13.4C161.5 263.1 145.6 256 128 256H64c-35.3 0-64 28.7-64 64v32c0 17.7 14.3 32 32 32h65.9c6.3-47.4 34.9-87.3 75.2-109.4z\"><\/path><\/svg>\t\t\t\t<\/span>\n\t\t\t<\/div>\n\t\t\t\n\t\t\t\t\t\t<div class=\"elementor-icon-box-content\">\n\n\t\t\t\t\t\t\t\t\t<h3 class=\"elementor-icon-box-title\">\n\t\t\t\t\t\t<span  >\n\t\t\t\t\t\t\tUne \u00e9quipe <br>exp\u00e9riment\u00e9e\t\t\t\t\t\t<\/span>\n\t\t\t\t\t<\/h3>\n\t\t\t\t\n\t\t\t\t\t\t\t\t\t<p class=\"elementor-icon-box-description\">\n\t\t\t\t\t\tUne \u00e9quipe de massoth\u00e9rapeutes dimpl\u00f4m\u00e9s et exp\u00e9riment\u00e9s.\t\t\t\t\t<\/p>\n\t\t\t\t\n\t\t\t<\/div>\n\t\t\t\n\t\t<\/div>\n\t\t\t\t\t\t<\/div>\n\t\t\t\t<\/div>\n\t\t\t\t\t<\/div>\n\t\t<\/div>\n\t\t\t\t<div class=\"elementor-column elementor-col-25 elementor-top-column elementor-element elementor-element-71a2106f\" data-id=\"71a2106f\" data-element_type=\"column\" data-settings=\"{&quot;background_background&quot;:&quot;classic&quot;}\">\n\t\t\t<div class=\"elementor-widget-wrap elementor-element-populated\">\n\t\t\t\t\t\t<div class=\"elementor-element elementor-element-6ba0057a elementor-widget__width-auto elementor-widget-tablet__width-inherit elementor-widget elementor-widget-heading\" data-id=\"6ba0057a\" data-element_type=\"widget\" data-widget_type=\"heading.default\">\n\t\t\t\t<div class=\"elementor-widget-container\">\n\t\t\t\t\t<h2 class=\"elementor-heading-title elementor-size-default\">Vous \u00eates \nentre\n<br>bonnes \nmains<\/h2>\t\t\t\t<\/div>\n\t\t\t\t<\/div>\n\t\t\t\t\t<\/div>\n\t\t<\/div>\n\t\t\t\t\t<\/div>\n\t\t<\/section>\n\t\t\t\t<section class=\"elementor-section elementor-top-section elementor-element elementor-element-4531d3da elementor-section-full_width elementor-section-content-middle elementor-reverse-tablet elementor-reverse-mobile elementor-section-height-min-height elementor-section-items-bottom elementor-hidden-desktop elementor-hidden-tablet elementor-hidden-mobile elementor-section-height-default\" data-id=\"4531d3da\" data-element_type=\"section\" id=\"expert\">\n\t\t\t\t\t\t<div class=\"elementor-container elementor-column-gap-default\">\n\t\t\t\t\t<div class=\"elementor-column elementor-col-100 elementor-top-column elementor-element elementor-element-65b32654\" data-id=\"65b32654\" data-element_type=\"column\" data-settings=\"{&quot;background_background&quot;:&quot;classic&quot;}\">\n\t\t\t<div class=\"elementor-widget-wrap elementor-element-populated\">\n\t\t\t\t\t\t<div class=\"elementor-element elementor-element-5aaceec0 elementor-widget elementor-widget-heading\" data-id=\"5aaceec0\" data-element_type=\"widget\" data-widget_type=\"heading.default\">\n\t\t\t\t<div class=\"elementor-widget-container\">\n\t\t\t\t\t<h2 class=\"elementor-heading-title elementor-size-default\">Notre \u00c9quipe<\/h2>\t\t\t\t<\/div>\n\t\t\t\t<\/div>\n\t\t\t\t\t<\/div>\n\t\t<\/div>\n\t\t\t\t\t<\/div>\n\t\t<\/section>\n\t\t<div class=\"elementor-element elementor-element-a2183c7 elementor-hidden-desktop elementor-hidden-tablet elementor-hidden-mobile e-flex e-con-boxed e-con e-parent\" data-id=\"a2183c7\" data-element_type=\"container\">\n\t\t\t\t\t<div class=\"e-con-inner\">\n\t\t<div class=\"elementor-element elementor-element-d1b1b07 e-con-full e-flex e-con e-child\" data-id=\"d1b1b07\" data-element_type=\"container\">\n\t\t\t\t<div class=\"elementor-element elementor-element-3243ae1 elementor-cta--skin-classic elementor-animated-content elementor-widget elementor-widget-call-to-action\" data-id=\"3243ae1\" data-element_type=\"widget\" data-widget_type=\"call-to-action.default\">\n\t\t\t\t<div class=\"elementor-widget-container\">\n\t\t\t\t\t\t\t<div class=\"elementor-cta\">\n\t\t\t\t\t<div class=\"elementor-cta__bg-wrapper\">\n\t\t\t\t<div class=\"elementor-cta__bg elementor-bg\" style=\"background-image: url(https:\/\/massogs.com\/wp-content\/uploads\/2023\/11\/Untitled-design-10-724x1024.png);\" role=\"img\" aria-label=\"Untitled design-10\"><\/div>\n\t\t\t\t<div class=\"elementor-cta__bg-overlay\"><\/div>\n\t\t\t<\/div>\n\t\t\t\t\t\t\t<div class=\"elementor-cta__content\">\n\t\t\t\t\n\t\t\t\t\t\t\t\t\t<h2 class=\"elementor-cta__title elementor-cta__content-item elementor-content-item\">\n\t\t\t\t\t\tGabriel Gagnon\t\t\t\t\t<\/h2>\n\t\t\t\t\n\t\t\t\t\t\t\t\t\t<div class=\"elementor-cta__description elementor-cta__content-item elementor-content-item\">\n\t\t\t\t\t\tPropri\u00e9taire \/ massoth\u00e9rapeute\t\t\t\t\t<\/div>\n\t\t\t\t\n\t\t\t\t\t\t\t<\/div>\n\t\t\t\t\t\t<\/div>\n\t\t\t\t\t\t<\/div>\n\t\t\t\t<\/div>\n\t\t\t\t<\/div>\n\t\t<div class=\"elementor-element elementor-element-7219795 e-con-full e-flex e-con e-child\" data-id=\"7219795\" data-element_type=\"container\">\n\t\t\t\t<div class=\"elementor-element elementor-element-5c45055 elementor-position-top elementor-widget elementor-widget-image-box\" data-id=\"5c45055\" data-element_type=\"widget\" data-widget_type=\"image-box.default\">\n\t\t\t\t<div class=\"elementor-widget-container\">\n\t\t\t\t\t<div class=\"elementor-image-box-wrapper\"><figure class=\"elementor-image-box-img\"><img decoding=\"async\" src=\"https:\/\/massogs.com\/wp-content\/plugins\/elementor\/assets\/images\/placeholder.png\" title=\"\" alt=\"\" loading=\"lazy\" \/><\/figure><div class=\"elementor-image-box-content\"><h3 class=\"elementor-image-box-title\">This is the heading<\/h3><p class=\"elementor-image-box-description\">Lorem ipsum dolor sit amet, consectetur adipiscing elit. Ut elit tellus, luctus nec ullamcorper mattis, pulvinar dapibus leo.<\/p><\/div><\/div>\t\t\t\t<\/div>\n\t\t\t\t<\/div>\n\t\t\t\t<\/div>\n\t\t\t\t\t<\/div>\n\t\t\t\t<\/div>\n\t\t\t\t<section class=\"elementor-section elementor-top-section elementor-element elementor-element-379d3078 elementor-section-height-min-height elementor-section-items-stretch elementor-section-content-middle elementor-reverse-mobile elementor-section-boxed elementor-section-height-default\" data-id=\"379d3078\" data-element_type=\"section\">\n\t\t\t\t\t\t<div class=\"elementor-container elementor-column-gap-default\">\n\t\t\t\t\t<div class=\"elementor-column elementor-col-50 elementor-top-column elementor-element elementor-element-2f44d310\" data-id=\"2f44d310\" data-element_type=\"column\" data-settings=\"{&quot;background_background&quot;:&quot;classic&quot;}\">\n\t\t\t<div class=\"elementor-widget-wrap elementor-element-populated\">\n\t\t\t\t\t\t<div class=\"elementor-element elementor-element-41ea48af elementor-widget elementor-widget-heading\" data-id=\"41ea48af\" data-element_type=\"widget\" data-widget_type=\"heading.default\">\n\t\t\t\t<div class=\"elementor-widget-container\">\n\t\t\t\t\t<h2 class=\"elementor-heading-title elementor-size-default\">Pourquoi <br>Masso GS ?<\/h2>\t\t\t\t<\/div>\n\t\t\t\t<\/div>\n\t\t\t\t<div class=\"elementor-element elementor-element-5e89eb4 elementor-widget elementor-widget-text-editor\" data-id=\"5e89eb4\" data-element_type=\"widget\" data-widget_type=\"text-editor.default\">\n\t\t\t\t<div class=\"elementor-widget-container\">\n\t\t\t\t\t\t\t\t\t<p>Le G de GS est pour Gabriel Gagnon, le propri\u00e9taire de l\u2019entreprise. Le S est en l\u2019honneur de sa\u00a0maman, St\u00e9phanie Vachon, qui est d\u00e9c\u00e9d\u00e9 \u00e0 l\u2019\u00e2ge de 48 ans suite \u00e0 une bataille f\u00e9roce contre\u00a0le cancer. Elle a \u00e9t\u00e9 sa principale source de motivation et plus grande accompagnatrice dans<br \/>ses projets en massoth\u00e9rapie.<\/p>\t\t\t\t\t\t\t\t<\/div>\n\t\t\t\t<\/div>\n\t\t\t\t\t<\/div>\n\t\t<\/div>\n\t\t\t\t<div class=\"elementor-column elementor-col-50 elementor-top-column elementor-element elementor-element-29db2e63\" data-id=\"29db2e63\" data-element_type=\"column\" data-settings=\"{&quot;background_background&quot;:&quot;classic&quot;}\">\n\t\t\t<div class=\"elementor-widget-wrap elementor-element-populated\">\n\t\t\t\t\t\t<div class=\"elementor-element elementor-element-3683205f elementor-widget elementor-widget-spacer\" data-id=\"3683205f\" data-element_type=\"widget\" data-widget_type=\"spacer.default\">\n\t\t\t\t<div class=\"elementor-widget-container\">\n\t\t\t\t\t\t\t<div class=\"elementor-spacer\">\n\t\t\t<div class=\"elementor-spacer-inner\"><\/div>\n\t\t<\/div>\n\t\t\t\t\t\t<\/div>\n\t\t\t\t<\/div>\n\t\t\t\t\t<\/div>\n\t\t<\/div>\n\t\t\t\t\t<\/div>\n\t\t<\/section>\n\t\t\t\t<\/div>\n\t\t","protected":false},"excerpt":{"rendered":"<p>Nos patients, notre priorit\u00e9 \u00c9mission de re\u00e7u d\u2019assurance \u00c9mission de re\u00e7u d\u2019assurance reconnu par un vaste \u00e9ventail d\u2019assureurs. Des tarifs abordables Une gamme de forfaits qui conviendront \u00e0 tous les budgets. Une \u00e9quipe exp\u00e9riment\u00e9e Une \u00e9quipe de massoth\u00e9rapeutes dimpl\u00f4m\u00e9s et exp\u00e9riment\u00e9s. Vous \u00eates entre bonnes mains Notre \u00c9quipe Gabriel Gagnon Propri\u00e9taire \/ massoth\u00e9rapeute This is [&hellip;]<\/p>\n","protected":false},"author":1,"featured_media":0,"parent":0,"menu_order":0,"comment_status":"closed","ping_status":"closed","template":"elementor_header_footer","meta":{"footnotes":""},"class_list":["post-73","page","type-page","status-publish","hentry"],"yoast_head":"<!-- This site is optimized with the Yoast SEO plugin v21.7 - https:\/\/yoast.com\/wordpress\/plugins\/seo\/ -->\n<title>\u00c0 propos - Masso GS<\/title>\n<meta name=\"robots\" content=\"index, follow, max-snippet:-1, max-image-preview:large, max-video-preview:-1\" \/>\n<link rel=\"canonical\" href=\"https:\/\/massogs.com\/?page_id=73\" \/>\n<meta property=\"og:locale\" content=\"en_US\" \/>\n<meta property=\"og:type\" content=\"article\" \/>\n<meta property=\"og:title\" content=\"\u00c0 propos - Masso GS\" \/>\n<meta property=\"og:description\" content=\"Nos patients, notre priorit\u00e9 \u00c9mission de re\u00e7u d\u2019assurance \u00c9mission de re\u00e7u d\u2019assurance reconnu par un vaste \u00e9ventail d\u2019assureurs. Des tarifs abordables Une gamme de forfaits qui conviendront \u00e0 tous les budgets. Une \u00e9quipe exp\u00e9riment\u00e9e Une \u00e9quipe de massoth\u00e9rapeutes dimpl\u00f4m\u00e9s et exp\u00e9riment\u00e9s. Vous \u00eates entre bonnes mains Notre \u00c9quipe Gabriel Gagnon Propri\u00e9taire \/ massoth\u00e9rapeute This is [&hellip;]\" \/>\n<meta property=\"og:url\" content=\"https:\/\/massogs.com\/?page_id=73\" \/>\n<meta property=\"og:site_name\" content=\"Masso GS\" \/>\n<meta property=\"article:modified_time\" content=\"2023-11-26T18:00:20+00:00\" \/>\n<meta property=\"og:image\" content=\"https:\/\/massogs.com\/wp-content\/plugins\/elementor\/assets\/images\/placeholder.png\" \/>\n<meta name=\"twitter:card\" content=\"summary_large_image\" \/>\n<meta name=\"twitter:label1\" content=\"Est. reading time\" \/>\n\t<meta name=\"twitter:data1\" content=\"1 minute\" \/>\n<script type=\"application\/ld+json\" class=\"yoast-schema-graph\">{\"@context\":\"https:\/\/schema.org\",\"@graph\":[{\"@type\":\"WebPage\",\"@id\":\"https:\/\/massogs.com\/?page_id=73\",\"url\":\"https:\/\/massogs.com\/?page_id=73\",\"name\":\"\u00c0 propos - Masso GS\",\"isPartOf\":{\"@id\":\"https:\/\/massogs.com\/#website\"},\"datePublished\":\"2023-09-09T22:24:43+00:00\",\"dateModified\":\"2023-11-26T18:00:20+00:00\",\"breadcrumb\":{\"@id\":\"https:\/\/massogs.com\/?page_id=73#breadcrumb\"},\"inLanguage\":\"en-US\",\"potentialAction\":[{\"@type\":\"ReadAction\",\"target\":[\"https:\/\/massogs.com\/?page_id=73\"]}]},{\"@type\":\"BreadcrumbList\",\"@id\":\"https:\/\/massogs.com\/?page_id=73#breadcrumb\",\"itemListElement\":[{\"@type\":\"ListItem\",\"position\":1,\"name\":\"Home\",\"item\":\"https:\/\/massogs.com\/\"},{\"@type\":\"ListItem\",\"position\":2,\"name\":\"\u00c0 propos\"}]},{\"@type\":\"WebSite\",\"@id\":\"https:\/\/massogs.com\/#website\",\"url\":\"https:\/\/massogs.com\/\",\"name\":\"Masso GS\",\"description\":\"\",\"publisher\":{\"@id\":\"https:\/\/massogs.com\/#organization\"},\"potentialAction\":[{\"@type\":\"SearchAction\",\"target\":{\"@type\":\"EntryPoint\",\"urlTemplate\":\"https:\/\/massogs.com\/?s={search_term_string}\"},\"query-input\":\"required name=search_term_string\"}],\"inLanguage\":\"en-US\"},{\"@type\":\"Organization\",\"@id\":\"https:\/\/massogs.com\/#organization\",\"name\":\"Masso GS\",\"url\":\"https:\/\/massogs.com\/\",\"logo\":{\"@type\":\"ImageObject\",\"inLanguage\":\"en-US\",\"@id\":\"https:\/\/massogs.com\/#\/schema\/logo\/image\/\",\"url\":\"https:\/\/massogs.com\/wp-content\/uploads\/2023\/09\/Logo_masso_GS_VF-e1695060369365.png\",\"contentUrl\":\"https:\/\/massogs.com\/wp-content\/uploads\/2023\/09\/Logo_masso_GS_VF-e1695060369365.png\",\"width\":3591,\"height\":1358,\"caption\":\"Masso GS\"},\"image\":{\"@id\":\"https:\/\/massogs.com\/#\/schema\/logo\/image\/\"}}]}<\/script>\n<!-- \/ Yoast SEO plugin. -->","yoast_head_json":{"title":"\u00c0 propos - Masso GS","robots":{"index":"index","follow":"follow","max-snippet":"max-snippet:-1","max-image-preview":"max-image-preview:large","max-video-preview":"max-video-preview:-1"},"canonical":"https:\/\/massogs.com\/?page_id=73","og_locale":"en_US","og_type":"article","og_title":"\u00c0 propos - Masso GS","og_description":"Nos patients, notre priorit\u00e9 \u00c9mission de re\u00e7u d\u2019assurance \u00c9mission de re\u00e7u d\u2019assurance reconnu par un vaste \u00e9ventail d\u2019assureurs. Des tarifs abordables Une gamme de forfaits qui conviendront \u00e0 tous les budgets. Une \u00e9quipe exp\u00e9riment\u00e9e Une \u00e9quipe de massoth\u00e9rapeutes dimpl\u00f4m\u00e9s et exp\u00e9riment\u00e9s. Vous \u00eates entre bonnes mains Notre \u00c9quipe Gabriel Gagnon Propri\u00e9taire \/ massoth\u00e9rapeute This is [&hellip;]","og_url":"https:\/\/massogs.com\/?page_id=73","og_site_name":"Masso GS","article_modified_time":"2023-11-26T18:00:20+00:00","og_image":[{"url":"https:\/\/massogs.com\/wp-content\/plugins\/elementor\/assets\/images\/placeholder.png"}],"twitter_card":"summary_large_image","twitter_misc":{"Est. reading time":"1 minute"},"schema":{"@context":"https:\/\/schema.org","@graph":[{"@type":"WebPage","@id":"https:\/\/massogs.com\/?page_id=73","url":"https:\/\/massogs.com\/?page_id=73","name":"\u00c0 propos - Masso GS","isPartOf":{"@id":"https:\/\/massogs.com\/#website"},"datePublished":"2023-09-09T22:24:43+00:00","dateModified":"2023-11-26T18:00:20+00:00","breadcrumb":{"@id":"https:\/\/massogs.com\/?page_id=73#breadcrumb"},"inLanguage":"en-US","potentialAction":[{"@type":"ReadAction","target":["https:\/\/massogs.com\/?page_id=73"]}]},{"@type":"BreadcrumbList","@id":"https:\/\/massogs.com\/?page_id=73#breadcrumb","itemListElement":[{"@type":"ListItem","position":1,"name":"Home","item":"https:\/\/massogs.com\/"},{"@type":"ListItem","position":2,"name":"\u00c0 propos"}]},{"@type":"WebSite","@id":"https:\/\/massogs.com\/#website","url":"https:\/\/massogs.com\/","name":"Masso GS","description":"","publisher":{"@id":"https:\/\/massogs.com\/#organization"},"potentialAction":[{"@type":"SearchAction","target":{"@type":"EntryPoint","urlTemplate":"https:\/\/massogs.com\/?s={search_term_string}"},"query-input":"required name=search_term_string"}],"inLanguage":"en-US"},{"@type":"Organization","@id":"https:\/\/massogs.com\/#organization","name":"Masso GS","url":"https:\/\/massogs.com\/","logo":{"@type":"ImageObject","inLanguage":"en-US","@id":"https:\/\/massogs.com\/#\/schema\/logo\/image\/","url":"https:\/\/massogs.com\/wp-content\/uploads\/2023\/09\/Logo_masso_GS_VF-e1695060369365.png","contentUrl":"https:\/\/massogs.com\/wp-content\/uploads\/2023\/09\/Logo_masso_GS_VF-e1695060369365.png","width":3591,"height":1358,"caption":"Masso GS"},"image":{"@id":"https:\/\/massogs.com\/#\/schema\/logo\/image\/"}}]}},"_links":{"self":[{"href":"https:\/\/massogs.com\/index.php?rest_route=\/wp\/v2\/pages\/73","targetHints":{"allow":["GET"]}}],"collection":[{"href":"https:\/\/massogs.com\/index.php?rest_route=\/wp\/v2\/pages"}],"about":[{"href":"https:\/\/massogs.com\/index.php?rest_route=\/wp\/v2\/types\/page"}],"author":[{"embeddable":true,"href":"https:\/\/massogs.com\/index.php?rest_route=\/wp\/v2\/users\/1"}],"replies":[{"embeddable":true,"href":"https:\/\/massogs.com\/index.php?rest_route=%2Fwp%2Fv2%2Fcomments&post=73"}],"version-history":[{"count":17,"href":"https:\/\/massogs.com\/index.php?rest_route=\/wp\/v2\/pages\/73\/revisions"}],"predecessor-version":[{"id":299,"href":"https:\/\/massogs.com\/index.php?rest_route=\/wp\/v2\/pages\/73\/revisions\/299"}],"wp:attachment":[{"href":"https:\/\/massogs.com\/index.php?rest_route=%2Fwp%2Fv2%2Fmedia&parent=73"}],"curies":[{"name":"wp","href":"https:\/\/api.w.org\/{rel}","templated":true}]}}