{"id":32,"date":"2023-09-09T22:24:16","date_gmt":"2023-09-09T22:24:16","guid":{"rendered":"https:\/\/massogs.com\/?page_id=32"},"modified":"2023-11-26T16:13:36","modified_gmt":"2023-11-26T16:13:36","slug":"contact","status":"publish","type":"page","link":"https:\/\/massogs.com\/?page_id=32","title":{"rendered":"Contact"},"content":{"rendered":"\t\t<div data-elementor-type=\"wp-page\" data-elementor-id=\"32\" class=\"elementor elementor-32\" data-elementor-post-type=\"page\">\n\t\t\t\t\t\t<section class=\"elementor-section elementor-top-section elementor-element elementor-element-b7bd65c elementor-section-height-min-height elementor-section-items-stretch elementor-section-content-middle elementor-section-boxed elementor-section-height-default\" data-id=\"b7bd65c\" data-element_type=\"section\">\n\t\t\t\t\t\t<div class=\"elementor-container elementor-column-gap-default\">\n\t\t\t\t\t<div class=\"elementor-column elementor-col-100 elementor-top-column elementor-element elementor-element-1bb113ec\" data-id=\"1bb113ec\" data-element_type=\"column\" data-settings=\"{&quot;background_background&quot;:&quot;classic&quot;}\">\n\t\t\t<div class=\"elementor-widget-wrap elementor-element-populated\">\n\t\t\t\t\t\t<div class=\"elementor-element elementor-element-cda2163 elementor-widget elementor-widget-heading\" data-id=\"cda2163\" data-element_type=\"widget\" data-widget_type=\"heading.default\">\n\t\t\t\t<div class=\"elementor-widget-container\">\n\t\t\t\t\t<h2 class=\"elementor-heading-title elementor-size-default\">Contactez un sp\u00e9cialiste<\/h2>\t\t\t\t<\/div>\n\t\t\t\t<\/div>\n\t\t\t\t<div class=\"elementor-element elementor-element-6fd90b1b elementor-widget elementor-widget-text-editor\" data-id=\"6fd90b1b\" data-element_type=\"widget\" data-widget_type=\"text-editor.default\">\n\t\t\t\t<div class=\"elementor-widget-container\">\n\t\t\t\t\t\t\t\t\t<p>Pour en savoir plus sur nos services, remplissez notre formulaire et nous vous r\u00e9pondrons dans les plus brefs d\u00e9lais. Vous pouvez \u00e9galement nous appeler ou nous envoyer un courriel et nous nous ferons un plaisir de r\u00e9pondre \u00e0 toutes vos questions.<\/p>\t\t\t\t\t\t\t\t<\/div>\n\t\t\t\t<\/div>\n\t\t\t\t<div class=\"elementor-element elementor-element-5294af00 elementor-button-align-start elementor-mobile-button-align-stretch contact elementor-widget elementor-widget-form\" data-id=\"5294af00\" data-element_type=\"widget\" data-settings=\"{&quot;step_next_label&quot;:&quot;Next&quot;,&quot;step_previous_label&quot;:&quot;Previous&quot;,&quot;button_width&quot;:&quot;100&quot;,&quot;step_type&quot;:&quot;number_text&quot;,&quot;step_icon_shape&quot;:&quot;circle&quot;}\" data-widget_type=\"form.default\">\n\t\t\t\t<div class=\"elementor-widget-container\">\n\t\t\t\t\t\t\t<form class=\"elementor-form\" method=\"post\" name=\"Appointment Form\">\n\t\t\t<input type=\"hidden\" name=\"post_id\" value=\"32\"\/>\n\t\t\t<input type=\"hidden\" name=\"form_id\" value=\"5294af00\"\/>\n\t\t\t<input type=\"hidden\" name=\"referer_title\" value=\"Masso GS\" \/>\n\n\t\t\t\n\t\t\t<div class=\"elementor-form-fields-wrapper elementor-labels-\">\n\t\t\t\t\t\t\t\t<div class=\"elementor-field-type-text elementor-field-group elementor-column elementor-field-group-field_2 elementor-col-50 elementor-field-required\">\n\t\t\t\t\t\t\t\t\t\t\t\t<label for=\"form-field-field_2\" class=\"elementor-field-label elementor-screen-only\">\n\t\t\t\t\t\t\t\tNom complet\t\t\t\t\t\t\t<\/label>\n\t\t\t\t\t\t\t\t\t\t\t\t\t\t<input size=\"1\" type=\"text\" name=\"form_fields[field_2]\" id=\"form-field-field_2\" class=\"elementor-field elementor-size-md  elementor-field-textual\" placeholder=\"Nom complet\" required=\"required\" aria-required=\"true\">\n\t\t\t\t\t\t\t\t\t\t\t<\/div>\n\t\t\t\t\t\t\t\t<div class=\"elementor-field-type-tel elementor-field-group elementor-column elementor-field-group-field_1 elementor-col-50 elementor-field-required\">\n\t\t\t\t\t\t\t\t\t\t\t\t<label for=\"form-field-field_1\" class=\"elementor-field-label elementor-screen-only\">\n\t\t\t\t\t\t\t\tNum\u00e9ro de t\u00e9l\u00e9phone\t\t\t\t\t\t\t<\/label>\n\t\t\t\t\t\t\t\t<input size=\"1\" type=\"tel\" name=\"form_fields[field_1]\" id=\"form-field-field_1\" class=\"elementor-field elementor-size-md  elementor-field-textual\" placeholder=\"Num\u00e9ro de t\u00e9l\u00e9phone\" required=\"required\" aria-required=\"true\" pattern=\"[0-9()#&amp;+*-=.]+\" title=\"Only numbers and phone characters (#, -, *, etc) are accepted.\">\n\n\t\t\t\t\t\t<\/div>\n\t\t\t\t\t\t\t\t<div class=\"elementor-field-type-email elementor-field-group elementor-column elementor-field-group-email elementor-col-100 elementor-field-required\">\n\t\t\t\t\t\t\t\t\t\t\t\t<label for=\"form-field-email\" class=\"elementor-field-label elementor-screen-only\">\n\t\t\t\t\t\t\t\tCourriel\t\t\t\t\t\t\t<\/label>\n\t\t\t\t\t\t\t\t\t\t\t\t\t\t<input size=\"1\" type=\"email\" name=\"form_fields[email]\" id=\"form-field-email\" class=\"elementor-field elementor-size-md  elementor-field-textual\" placeholder=\"Courriel\" required=\"required\" aria-required=\"true\">\n\t\t\t\t\t\t\t\t\t\t\t<\/div>\n\t\t\t\t\t\t\t\t<div class=\"elementor-field-type-textarea elementor-field-group elementor-column elementor-field-group-message elementor-col-100\">\n\t\t\t\t\t\t\t\t\t\t\t\t<label for=\"form-field-message\" class=\"elementor-field-label elementor-screen-only\">\n\t\t\t\t\t\t\t\tMessage\t\t\t\t\t\t\t<\/label>\n\t\t\t\t\t\t<textarea class=\"elementor-field-textual elementor-field  elementor-size-md\" name=\"form_fields[message]\" id=\"form-field-message\" rows=\"4\" placeholder=\"Questions \/ commentaires\"><\/textarea>\t\t\t\t<\/div>\n\t\t\t\t\t\t\t\t<div class=\"elementor-field-group elementor-column elementor-field-type-submit elementor-col-100 e-form__buttons\">\n\t\t\t\t\t<button type=\"submit\" class=\"elementor-button elementor-size-lg\">\n\t\t\t\t\t\t<span >\n\t\t\t\t\t\t\t\t\t\t\t\t\t\t\t<span class=\" elementor-button-icon\">\n\t\t\t\t\t\t\t\t\t\t\t\t\t\t\t\t\t\t\t\t\t\t\t\t\t\t<\/span>\n\t\t\t\t\t\t\t\t\t\t\t\t\t\t\t\t\t\t\t\t\t\t<span class=\"elementor-button-text\">Nous Contacter<\/span>\n\t\t\t\t\t\t\t\t\t\t\t\t\t<\/span>\n\t\t\t\t\t<\/button>\n\t\t\t\t<\/div>\n\t\t\t<\/div>\n\t\t<\/form>\n\t\t\t\t\t\t<\/div>\n\t\t\t\t<\/div>\n\t\t\t\t\t<\/div>\n\t\t<\/div>\n\t\t\t\t\t<\/div>\n\t\t<\/section>\n\t\t\t\t<\/div>\n\t\t","protected":false},"excerpt":{"rendered":"<p>Contactez un sp\u00e9cialiste Pour en savoir plus sur nos services, remplissez notre formulaire et nous vous r\u00e9pondrons dans les plus brefs d\u00e9lais. Vous pouvez \u00e9galement nous appeler ou nous envoyer un courriel et nous nous ferons un plaisir de r\u00e9pondre \u00e0 toutes vos questions.<\/p>\n","protected":false},"author":1,"featured_media":0,"parent":0,"menu_order":0,"comment_status":"closed","ping_status":"closed","template":"elementor_header_footer","meta":{"footnotes":""},"class_list":["post-32","page","type-page","status-publish","hentry"],"yoast_head":"<!-- This site is optimized with the Yoast SEO plugin v21.7 - https:\/\/yoast.com\/wordpress\/plugins\/seo\/ -->\n<title>Contact - Masso GS<\/title>\n<meta name=\"robots\" content=\"index, follow, max-snippet:-1, max-image-preview:large, max-video-preview:-1\" \/>\n<link rel=\"canonical\" href=\"https:\/\/massogs.com\/?page_id=32\" \/>\n<meta property=\"og:locale\" content=\"en_US\" \/>\n<meta property=\"og:type\" content=\"article\" \/>\n<meta property=\"og:title\" content=\"Contact - Masso GS\" \/>\n<meta property=\"og:description\" content=\"Contactez un sp\u00e9cialiste Pour en savoir plus sur nos services, remplissez notre formulaire et nous vous r\u00e9pondrons dans les plus brefs d\u00e9lais. Vous pouvez \u00e9galement nous appeler ou nous envoyer un courriel et nous nous ferons un plaisir de r\u00e9pondre \u00e0 toutes vos questions.\" \/>\n<meta property=\"og:url\" content=\"https:\/\/massogs.com\/?page_id=32\" \/>\n<meta property=\"og:site_name\" content=\"Masso GS\" \/>\n<meta property=\"article:modified_time\" content=\"2023-11-26T16:13:36+00:00\" \/>\n<meta name=\"twitter:card\" content=\"summary_large_image\" \/>\n<script type=\"application\/ld+json\" class=\"yoast-schema-graph\">{\"@context\":\"https:\/\/schema.org\",\"@graph\":[{\"@type\":\"WebPage\",\"@id\":\"https:\/\/massogs.com\/?page_id=32\",\"url\":\"https:\/\/massogs.com\/?page_id=32\",\"name\":\"Contact - Masso GS\",\"isPartOf\":{\"@id\":\"https:\/\/massogs.com\/#website\"},\"datePublished\":\"2023-09-09T22:24:16+00:00\",\"dateModified\":\"2023-11-26T16:13:36+00:00\",\"breadcrumb\":{\"@id\":\"https:\/\/massogs.com\/?page_id=32#breadcrumb\"},\"inLanguage\":\"en-US\",\"potentialAction\":[{\"@type\":\"ReadAction\",\"target\":[\"https:\/\/massogs.com\/?page_id=32\"]}]},{\"@type\":\"BreadcrumbList\",\"@id\":\"https:\/\/massogs.com\/?page_id=32#breadcrumb\",\"itemListElement\":[{\"@type\":\"ListItem\",\"position\":1,\"name\":\"Home\",\"item\":\"https:\/\/massogs.com\/\"},{\"@type\":\"ListItem\",\"position\":2,\"name\":\"Contact\"}]},{\"@type\":\"WebSite\",\"@id\":\"https:\/\/massogs.com\/#website\",\"url\":\"https:\/\/massogs.com\/\",\"name\":\"Masso GS\",\"description\":\"\",\"publisher\":{\"@id\":\"https:\/\/massogs.com\/#organization\"},\"potentialAction\":[{\"@type\":\"SearchAction\",\"target\":{\"@type\":\"EntryPoint\",\"urlTemplate\":\"https:\/\/massogs.com\/?s={search_term_string}\"},\"query-input\":\"required name=search_term_string\"}],\"inLanguage\":\"en-US\"},{\"@type\":\"Organization\",\"@id\":\"https:\/\/massogs.com\/#organization\",\"name\":\"Masso GS\",\"url\":\"https:\/\/massogs.com\/\",\"logo\":{\"@type\":\"ImageObject\",\"inLanguage\":\"en-US\",\"@id\":\"https:\/\/massogs.com\/#\/schema\/logo\/image\/\",\"url\":\"https:\/\/massogs.com\/wp-content\/uploads\/2023\/09\/Logo_masso_GS_VF-e1695060369365.png\",\"contentUrl\":\"https:\/\/massogs.com\/wp-content\/uploads\/2023\/09\/Logo_masso_GS_VF-e1695060369365.png\",\"width\":3591,\"height\":1358,\"caption\":\"Masso GS\"},\"image\":{\"@id\":\"https:\/\/massogs.com\/#\/schema\/logo\/image\/\"}}]}<\/script>\n<!-- \/ Yoast SEO plugin. -->","yoast_head_json":{"title":"Contact - Masso GS","robots":{"index":"index","follow":"follow","max-snippet":"max-snippet:-1","max-image-preview":"max-image-preview:large","max-video-preview":"max-video-preview:-1"},"canonical":"https:\/\/massogs.com\/?page_id=32","og_locale":"en_US","og_type":"article","og_title":"Contact - Masso GS","og_description":"Contactez un sp\u00e9cialiste Pour en savoir plus sur nos services, remplissez notre formulaire et nous vous r\u00e9pondrons dans les plus brefs d\u00e9lais. Vous pouvez \u00e9galement nous appeler ou nous envoyer un courriel et nous nous ferons un plaisir de r\u00e9pondre \u00e0 toutes vos questions.","og_url":"https:\/\/massogs.com\/?page_id=32","og_site_name":"Masso GS","article_modified_time":"2023-11-26T16:13:36+00:00","twitter_card":"summary_large_image","schema":{"@context":"https:\/\/schema.org","@graph":[{"@type":"WebPage","@id":"https:\/\/massogs.com\/?page_id=32","url":"https:\/\/massogs.com\/?page_id=32","name":"Contact - Masso GS","isPartOf":{"@id":"https:\/\/massogs.com\/#website"},"datePublished":"2023-09-09T22:24:16+00:00","dateModified":"2023-11-26T16:13:36+00:00","breadcrumb":{"@id":"https:\/\/massogs.com\/?page_id=32#breadcrumb"},"inLanguage":"en-US","potentialAction":[{"@type":"ReadAction","target":["https:\/\/massogs.com\/?page_id=32"]}]},{"@type":"BreadcrumbList","@id":"https:\/\/massogs.com\/?page_id=32#breadcrumb","itemListElement":[{"@type":"ListItem","position":1,"name":"Home","item":"https:\/\/massogs.com\/"},{"@type":"ListItem","position":2,"name":"Contact"}]},{"@type":"WebSite","@id":"https:\/\/massogs.com\/#website","url":"https:\/\/massogs.com\/","name":"Masso GS","description":"","publisher":{"@id":"https:\/\/massogs.com\/#organization"},"potentialAction":[{"@type":"SearchAction","target":{"@type":"EntryPoint","urlTemplate":"https:\/\/massogs.com\/?s={search_term_string}"},"query-input":"required name=search_term_string"}],"inLanguage":"en-US"},{"@type":"Organization","@id":"https:\/\/massogs.com\/#organization","name":"Masso GS","url":"https:\/\/massogs.com\/","logo":{"@type":"ImageObject","inLanguage":"en-US","@id":"https:\/\/massogs.com\/#\/schema\/logo\/image\/","url":"https:\/\/massogs.com\/wp-content\/uploads\/2023\/09\/Logo_masso_GS_VF-e1695060369365.png","contentUrl":"https:\/\/massogs.com\/wp-content\/uploads\/2023\/09\/Logo_masso_GS_VF-e1695060369365.png","width":3591,"height":1358,"caption":"Masso GS"},"image":{"@id":"https:\/\/massogs.com\/#\/schema\/logo\/image\/"}}]}},"_links":{"self":[{"href":"https:\/\/massogs.com\/index.php?rest_route=\/wp\/v2\/pages\/32","targetHints":{"allow":["GET"]}}],"collection":[{"href":"https:\/\/massogs.com\/index.php?rest_route=\/wp\/v2\/pages"}],"about":[{"href":"https:\/\/massogs.com\/index.php?rest_route=\/wp\/v2\/types\/page"}],"author":[{"embeddable":true,"href":"https:\/\/massogs.com\/index.php?rest_route=\/wp\/v2\/users\/1"}],"replies":[{"embeddable":true,"href":"https:\/\/massogs.com\/index.php?rest_route=%2Fwp%2Fv2%2Fcomments&post=32"}],"version-history":[{"count":7,"href":"https:\/\/massogs.com\/index.php?rest_route=\/wp\/v2\/pages\/32\/revisions"}],"predecessor-version":[{"id":256,"href":"https:\/\/massogs.com\/index.php?rest_route=\/wp\/v2\/pages\/32\/revisions\/256"}],"wp:attachment":[{"href":"https:\/\/massogs.com\/index.php?rest_route=%2Fwp%2Fv2%2Fmedia&parent=32"}],"curies":[{"name":"wp","href":"https:\/\/api.w.org\/{rel}","templated":true}]}}